{"id":1701,"date":"2024-02-01T10:42:42","date_gmt":"2024-02-01T10:42:42","guid":{"rendered":"https:\/\/www.rassure.ch\/?page_id=1701"},"modified":"2024-02-01T10:42:42","modified_gmt":"2024-02-01T10:42:42","slug":"articles","status":"publish","type":"page","link":"https:\/\/www.rassure.ch\/en\/articles\/","title":{"rendered":"Items"},"content":{"rendered":"<p>\/<\/p>","protected":false},"excerpt":{"rendered":"<p>\/<\/p>","protected":false},"author":3,"featured_media":0,"parent":0,"menu_order":0,"comment_status":"closed","ping_status":"closed","template":"","meta":{"_kadence_starter_templates_imported_post":false,"_kad_post_transparent":"","_kad_post_title":"","_kad_post_layout":"","_kad_post_sidebar_id":"","_kad_post_content_style":"","_kad_post_vertical_padding":"","_kad_post_feature":"","_kad_post_feature_position":"","_kad_post_header":false,"_kad_post_footer":false,"_kad_post_classname":"","footnotes":""},"class_list":["post-1701","page","type-page","status-publish","hentry"],"yoast_head":"<!-- This site is optimized with the Yoast SEO plugin v27.4 - https:\/\/yoast.com\/product\/yoast-seo-wordpress\/ -->\n<title>Articles - Rassure.ch - R\u00e9my Solna<\/title>\n<meta name=\"description\" content=\"Explorez l&#039;univers de l&#039;assurance avec les articles informatifs de Rassure. R\u00e9my Solna, votre expert en assurance, vous offre des conseils \u00e9clair\u00e9s et des analyses approfondies. D\u00e9couvrez des informations cruciales pour prot\u00e9ger votre avenir financier. Obtenez des conseils personnalis\u00e9s et restez inform\u00e9 gr\u00e2ce \u00e0 nos articles exclusifs.\" \/>\n<meta name=\"robots\" content=\"index, follow, max-snippet:-1, max-image-preview:large, max-video-preview:-1\" \/>\n<link rel=\"canonical\" href=\"https:\/\/www.rassure.ch\/en\/articles\/\" \/>\n<meta property=\"og:locale\" content=\"en_GB\" \/>\n<meta property=\"og:type\" content=\"article\" \/>\n<meta property=\"og:title\" content=\"Articles - Rassure.ch - R\u00e9my Solna\" \/>\n<meta property=\"og:description\" content=\"Explorez l&#039;univers de l&#039;assurance avec les articles informatifs de Rassure. R\u00e9my Solna, votre expert en assurance, vous offre des conseils \u00e9clair\u00e9s et des analyses approfondies. D\u00e9couvrez des informations cruciales pour prot\u00e9ger votre avenir financier. Obtenez des conseils personnalis\u00e9s et restez inform\u00e9 gr\u00e2ce \u00e0 nos articles exclusifs.\" \/>\n<meta property=\"og:url\" content=\"https:\/\/www.rassure.ch\/en\/articles\/\" \/>\n<meta property=\"og:site_name\" content=\"Rassure.ch - R\u00e9my Solna\" \/>\n<meta name=\"twitter:card\" content=\"summary_large_image\" \/>\n<meta name=\"twitter:label1\" content=\"Estimated reading time\" \/>\n\t<meta name=\"twitter:data1\" content=\"1 minute\" \/>\n<script type=\"application\/ld+json\" class=\"yoast-schema-graph\">{\"@context\":\"https:\\\/\\\/schema.org\",\"@graph\":[{\"@type\":\"WebPage\",\"@id\":\"https:\\\/\\\/www.rassure.ch\\\/articles\\\/\",\"url\":\"https:\\\/\\\/www.rassure.ch\\\/articles\\\/\",\"name\":\"Articles - Rassure.ch - R\u00e9my Solna\",\"isPartOf\":{\"@id\":\"https:\\\/\\\/www.rassure.ch\\\/#website\"},\"datePublished\":\"2024-02-01T10:42:42+00:00\",\"description\":\"Explorez l'univers de l'assurance avec les articles informatifs de Rassure. R\u00e9my Solna, votre expert en assurance, vous offre des conseils \u00e9clair\u00e9s et des analyses approfondies. D\u00e9couvrez des informations cruciales pour prot\u00e9ger votre avenir financier. Obtenez des conseils personnalis\u00e9s et restez inform\u00e9 gr\u00e2ce \u00e0 nos articles exclusifs.\",\"breadcrumb\":{\"@id\":\"https:\\\/\\\/www.rassure.ch\\\/articles\\\/#breadcrumb\"},\"inLanguage\":\"en-GB\",\"potentialAction\":[{\"@type\":\"ReadAction\",\"target\":[\"https:\\\/\\\/www.rassure.ch\\\/articles\\\/\"]}]},{\"@type\":\"BreadcrumbList\",\"@id\":\"https:\\\/\\\/www.rassure.ch\\\/articles\\\/#breadcrumb\",\"itemListElement\":[{\"@type\":\"ListItem\",\"position\":1,\"name\":\"Accueil\",\"item\":\"https:\\\/\\\/www.rassure.ch\\\/\"},{\"@type\":\"ListItem\",\"position\":2,\"name\":\"Articles\"}]},{\"@type\":\"WebSite\",\"@id\":\"https:\\\/\\\/www.rassure.ch\\\/#website\",\"url\":\"https:\\\/\\\/www.rassure.ch\\\/\",\"name\":\"Rassure.ch - R\u00e9my Solna\",\"description\":\"Vos assurances sur mesure\",\"publisher\":{\"@id\":\"https:\\\/\\\/www.rassure.ch\\\/#organization\"},\"potentialAction\":[{\"@type\":\"SearchAction\",\"target\":{\"@type\":\"EntryPoint\",\"urlTemplate\":\"https:\\\/\\\/www.rassure.ch\\\/?s={search_term_string}\"},\"query-input\":{\"@type\":\"PropertyValueSpecification\",\"valueRequired\":true,\"valueName\":\"search_term_string\"}}],\"inLanguage\":\"en-GB\"},{\"@type\":\"Organization\",\"@id\":\"https:\\\/\\\/www.rassure.ch\\\/#organization\",\"name\":\"Rassure\",\"url\":\"https:\\\/\\\/www.rassure.ch\\\/\",\"logo\":{\"@type\":\"ImageObject\",\"inLanguage\":\"en-GB\",\"@id\":\"https:\\\/\\\/www.rassure.ch\\\/#\\\/schema\\\/logo\\\/image\\\/\",\"url\":\"https:\\\/\\\/rassure.ch\\\/wp-content\\\/uploads\\\/2022\\\/03\\\/cropped-cropped-cropped-logo-rassure-png-transparent.png\",\"contentUrl\":\"https:\\\/\\\/rassure.ch\\\/wp-content\\\/uploads\\\/2022\\\/03\\\/cropped-cropped-cropped-logo-rassure-png-transparent.png\",\"width\":190,\"height\":147,\"caption\":\"Rassure\"},\"image\":{\"@id\":\"https:\\\/\\\/www.rassure.ch\\\/#\\\/schema\\\/logo\\\/image\\\/\"}}]}<\/script>\n<!-- \/ Yoast SEO plugin. -->","yoast_head_json":{"title":"Articles - Rassure.ch - R\u00e9my Solna","description":"Explorez l'univers de l'assurance avec les articles informatifs de Rassure. R\u00e9my Solna, votre expert en assurance, vous offre des conseils \u00e9clair\u00e9s et des analyses approfondies. D\u00e9couvrez des informations cruciales pour prot\u00e9ger votre avenir financier. Obtenez des conseils personnalis\u00e9s et restez inform\u00e9 gr\u00e2ce \u00e0 nos articles exclusifs.","robots":{"index":"index","follow":"follow","max-snippet":"max-snippet:-1","max-image-preview":"max-image-preview:large","max-video-preview":"max-video-preview:-1"},"canonical":"https:\/\/www.rassure.ch\/en\/articles\/","og_locale":"en_GB","og_type":"article","og_title":"Articles - Rassure.ch - R\u00e9my Solna","og_description":"Explorez l'univers de l'assurance avec les articles informatifs de Rassure. R\u00e9my Solna, votre expert en assurance, vous offre des conseils \u00e9clair\u00e9s et des analyses approfondies. D\u00e9couvrez des informations cruciales pour prot\u00e9ger votre avenir financier. Obtenez des conseils personnalis\u00e9s et restez inform\u00e9 gr\u00e2ce \u00e0 nos articles exclusifs.","og_url":"https:\/\/www.rassure.ch\/en\/articles\/","og_site_name":"Rassure.ch - R\u00e9my Solna","twitter_card":"summary_large_image","twitter_misc":{"Estimated reading time":"1 minute"},"schema":{"@context":"https:\/\/schema.org","@graph":[{"@type":"WebPage","@id":"https:\/\/www.rassure.ch\/articles\/","url":"https:\/\/www.rassure.ch\/articles\/","name":"Articles - Rassure.ch - R\u00e9my Solna","isPartOf":{"@id":"https:\/\/www.rassure.ch\/#website"},"datePublished":"2024-02-01T10:42:42+00:00","description":"Explorez l'univers de l'assurance avec les articles informatifs de Rassure. R\u00e9my Solna, votre expert en assurance, vous offre des conseils \u00e9clair\u00e9s et des analyses approfondies. D\u00e9couvrez des informations cruciales pour prot\u00e9ger votre avenir financier. Obtenez des conseils personnalis\u00e9s et restez inform\u00e9 gr\u00e2ce \u00e0 nos articles exclusifs.","breadcrumb":{"@id":"https:\/\/www.rassure.ch\/articles\/#breadcrumb"},"inLanguage":"en-GB","potentialAction":[{"@type":"ReadAction","target":["https:\/\/www.rassure.ch\/articles\/"]}]},{"@type":"BreadcrumbList","@id":"https:\/\/www.rassure.ch\/articles\/#breadcrumb","itemListElement":[{"@type":"ListItem","position":1,"name":"Accueil","item":"https:\/\/www.rassure.ch\/"},{"@type":"ListItem","position":2,"name":"Articles"}]},{"@type":"WebSite","@id":"https:\/\/www.rassure.ch\/#website","url":"https:\/\/www.rassure.ch\/","name":"Rassure.ch - R\u00e9my Solna","description":"Your tailor-made insurance","publisher":{"@id":"https:\/\/www.rassure.ch\/#organization"},"potentialAction":[{"@type":"SearchAction","target":{"@type":"EntryPoint","urlTemplate":"https:\/\/www.rassure.ch\/?s={search_term_string}"},"query-input":{"@type":"PropertyValueSpecification","valueRequired":true,"valueName":"search_term_string"}}],"inLanguage":"en-GB"},{"@type":"Organization","@id":"https:\/\/www.rassure.ch\/#organization","name":"Reassure","url":"https:\/\/www.rassure.ch\/","logo":{"@type":"ImageObject","inLanguage":"en-GB","@id":"https:\/\/www.rassure.ch\/#\/schema\/logo\/image\/","url":"https:\/\/rassure.ch\/wp-content\/uploads\/2022\/03\/cropped-cropped-cropped-logo-rassure-png-transparent.png","contentUrl":"https:\/\/rassure.ch\/wp-content\/uploads\/2022\/03\/cropped-cropped-cropped-logo-rassure-png-transparent.png","width":190,"height":147,"caption":"Rassure"},"image":{"@id":"https:\/\/www.rassure.ch\/#\/schema\/logo\/image\/"}}]}},"_links":{"self":[{"href":"https:\/\/www.rassure.ch\/en\/wp-json\/wp\/v2\/pages\/1701","targetHints":{"allow":["GET"]}}],"collection":[{"href":"https:\/\/www.rassure.ch\/en\/wp-json\/wp\/v2\/pages"}],"about":[{"href":"https:\/\/www.rassure.ch\/en\/wp-json\/wp\/v2\/types\/page"}],"author":[{"embeddable":true,"href":"https:\/\/www.rassure.ch\/en\/wp-json\/wp\/v2\/users\/3"}],"replies":[{"embeddable":true,"href":"https:\/\/www.rassure.ch\/en\/wp-json\/wp\/v2\/comments?post=1701"}],"version-history":[{"count":1,"href":"https:\/\/www.rassure.ch\/en\/wp-json\/wp\/v2\/pages\/1701\/revisions"}],"predecessor-version":[{"id":1702,"href":"https:\/\/www.rassure.ch\/en\/wp-json\/wp\/v2\/pages\/1701\/revisions\/1702"}],"wp:attachment":[{"href":"https:\/\/www.rassure.ch\/en\/wp-json\/wp\/v2\/media?parent=1701"}],"curies":[{"name":"wp","href":"https:\/\/api.w.org\/{rel}","templated":true}]}}